{"id":4299,"date":"2023-12-31T15:36:13","date_gmt":"2023-12-31T15:36:13","guid":{"rendered":"https:\/\/kingiptv.nl\/?post_type=product&#038;p=4299"},"modified":"2023-12-31T15:36:13","modified_gmt":"2023-12-31T15:36:13","slug":"12-manader-2-enhet","status":"publish","type":"product","link":"https:\/\/kingiptv.nl\/es\/product\/12-manader-2-enhet\/","title":{"rendered":"12 M\u00c5NADER &#8211; 2 enhet"},"content":{"rendered":"<div class=\"elementor-element elementor-element-a4d02fd elementor-widget elementor-widget-heading\" data-id=\"a4d02fd\" data-element_type=\"widget\" data-widget_type=\"heading.default\">\n<div class=\"elementor-widget-container\">\n<h2 class=\"elementor-heading-title elementor-size-default\">Beskrivning<\/h2>\n<\/div>\n<\/div>\n<div class=\"elementor-element elementor-element-1252cc1 elementor-widget elementor-widget-wl-single-product-description\" data-id=\"1252cc1\" data-element_type=\"widget\" data-widget_type=\"wl-single-product-description.default\">\n<div class=\"elementor-widget-container\">\n<div class=\"woocommerce_product_description\">\n<p>Uppt\u00e4ck en exceptionell underh\u00e5llningsupplevelse med v\u00e5r exklusiva tj\u00e4nst buyiptv-4k! F\u00e5 tillg\u00e5ng till \u00f6ver 30 000 premiumkanaler och en imponerande samling av \u00f6ver 40 000 filmer och serier i h\u00f6gsta kvalitet. Njut av en unik upplevelse med v\u00e5ra omfattande tj\u00e4nster. V\u00e5rt paket \u00e4r h\u00e4r f\u00f6r att tillfredsst\u00e4lla alla smaker och m\u00f6ta alla dina behov, fr\u00e5n barnprogram till sport, nyheter och dokument\u00e4rer, hela v\u00e4gen till sp\u00e4nnande och roligt inneh\u00e5ll f\u00f6r vuxna<img decoding=\"async\" class=\"alignnone wp-image-1213 entered litespeed-loaded\" src=\"https:\/\/trenditv.com\/wp-content\/uploads\/2023\/05\/pngtree-18-plus-icon-internet-button-high-resolution-png-image-png-image_5631221-removebg-preview-300x300.webp\" sizes=\"(max-width: 27px) 100vw, 27px\" srcset=\"https:\/\/trenditv.com\/wp-content\/uploads\/2023\/05\/pngtree-18-plus-icon-internet-button-high-resolution-png-image-png-image_5631221-removebg-preview-300x300.webp 300w, https:\/\/trenditv.com\/wp-content\/uploads\/2023\/05\/pngtree-18-plus-icon-internet-button-high-resolution-png-image-png-image_5631221-removebg-preview-150x150.webp 150w, https:\/\/trenditv.com\/wp-content\/uploads\/2023\/05\/pngtree-18-plus-icon-internet-button-high-resolution-png-image-png-image_5631221-removebg-preview-100x100.webp 100w, https:\/\/trenditv.com\/wp-content\/uploads\/2023\/05\/pngtree-18-plus-icon-internet-button-high-resolution-png-image-png-image_5631221-removebg-preview.webp 360w\" alt=\"\" width=\"27\" height=\"27\" data-lazyloaded=\"1\" data-src=\"https:\/\/trenditv.com\/wp-content\/uploads\/2023\/05\/pngtree-18-plus-icon-internet-button-high-resolution-png-image-png-image_5631221-removebg-preview-300x300.webp\" data-sizes=\"(max-width: 27px) 100vw, 27px\" data-srcset=\"https:\/\/trenditv.com\/wp-content\/uploads\/2023\/05\/pngtree-18-plus-icon-internet-button-high-resolution-png-image-png-image_5631221-removebg-preview-300x300.webp 300w, https:\/\/trenditv.com\/wp-content\/uploads\/2023\/05\/pngtree-18-plus-icon-internet-button-high-resolution-png-image-png-image_5631221-removebg-preview-150x150.webp 150w, https:\/\/trenditv.com\/wp-content\/uploads\/2023\/05\/pngtree-18-plus-icon-internet-button-high-resolution-png-image-png-image_5631221-removebg-preview-100x100.webp 100w, https:\/\/trenditv.com\/wp-content\/uploads\/2023\/05\/pngtree-18-plus-icon-internet-button-high-resolution-png-image-png-image_5631221-removebg-preview.webp 360w\" data-ll-status=\"loaded\" \/>. G\u00e5 med oss \u200b\u200bidag och dra nytta av de b\u00e4sta erbjudandena och underh\u00e5llningsalternativen till de b\u00e4sta priserna.<\/p>\n<p>IPTV erbjuder dig ett utm\u00e4rkt val i alla l\u00e4nder fr\u00e5n hela v\u00e4rlden: Sverige, Danmark, Norge, Finland, USA, Kanada, Storbritannien, Nya Zeeland, franska, Polen, Belgien, Hindi, spanska, engelska, Portugal, Tyskland, Italien, Turkiska, Nederl\u00e4nderna, Schweiz, Australien, arabiska\u2026 Osv.<\/p>\n<p>Kompatibel med alla enheter :<\/p>\n<p>\u2013 Smart TV (Samsung och LG . .)- PC\/MAC (VLC-programvara, smartare IPTV-spelare, Tivimate)<br \/>\n\u2013 Apple (iPhone \/ iPad \/ Apple TV)<br \/>\n\u2013 Android (Smartphones, Android Box, Smart Tv)<br \/>\n\u2013 KODI (XBMC) Version 15 och upp\u00e5t<br \/>\n\u2013 M3u l\u00e4nk-Xtream kod-MAG<br \/>\n\u2013 STB-Emulator<br \/>\n\u2013 MAG250\/254\/256<br \/>\n\u2013 Enigma2 \/ Dreambox \/ Vu+<br \/>\n\u2013 Openbox<br \/>\n\u2013 Alla Box\/Formuler<\/p>\n<p>Vad inneh\u00e5ller ett abonnemang p\u00e5 TrendiTV-tj\u00e4nster?<\/p>\n<p><img decoding=\"async\" class=\"emoji\" role=\"img\" draggable=\"false\" src=\"https:\/\/s.w.org\/images\/core\/emoji\/14.0.0\/svg\/2705.svg\" alt=\"\u2705\" \/>\u00a0+30 000 TV-kanaler.<br \/>\n<img decoding=\"async\" class=\"emoji\" role=\"img\" draggable=\"false\" src=\"https:\/\/s.w.org\/images\/core\/emoji\/14.0.0\/svg\/2705.svg\" alt=\"\u2705\" \/>\u00a0+40 000 filmer och serier (uppdateringar).<br \/>\n<img decoding=\"async\" class=\"emoji\" role=\"img\" draggable=\"false\" src=\"https:\/\/s.w.org\/images\/core\/emoji\/14.0.0\/svg\/2705.svg\" alt=\"\u2705\" \/>\u00a0Inkluderar det b\u00e4sta paketet f\u00f6r vuxna\u00a0<img decoding=\"async\" class=\"alignnone wp-image-1213 entered litespeed-loaded\" src=\"https:\/\/trenditv.com\/wp-content\/uploads\/2023\/05\/pngtree-18-plus-icon-internet-button-high-resolution-png-image-png-image_5631221-removebg-preview-300x300.webp\" sizes=\"(max-width: 27px) 100vw, 27px\" srcset=\"https:\/\/trenditv.com\/wp-content\/uploads\/2023\/05\/pngtree-18-plus-icon-internet-button-high-resolution-png-image-png-image_5631221-removebg-preview-300x300.webp 300w, https:\/\/trenditv.com\/wp-content\/uploads\/2023\/05\/pngtree-18-plus-icon-internet-button-high-resolution-png-image-png-image_5631221-removebg-preview-150x150.webp 150w, https:\/\/trenditv.com\/wp-content\/uploads\/2023\/05\/pngtree-18-plus-icon-internet-button-high-resolution-png-image-png-image_5631221-removebg-preview-100x100.webp 100w, https:\/\/trenditv.com\/wp-content\/uploads\/2023\/05\/pngtree-18-plus-icon-internet-button-high-resolution-png-image-png-image_5631221-removebg-preview.webp 360w\" alt=\"\" width=\"27\" height=\"27\" data-lazyloaded=\"1\" data-src=\"https:\/\/trenditv.com\/wp-content\/uploads\/2023\/05\/pngtree-18-plus-icon-internet-button-high-resolution-png-image-png-image_5631221-removebg-preview-300x300.webp\" data-sizes=\"(max-width: 27px) 100vw, 27px\" data-srcset=\"https:\/\/trenditv.com\/wp-content\/uploads\/2023\/05\/pngtree-18-plus-icon-internet-button-high-resolution-png-image-png-image_5631221-removebg-preview-300x300.webp 300w, https:\/\/trenditv.com\/wp-content\/uploads\/2023\/05\/pngtree-18-plus-icon-internet-button-high-resolution-png-image-png-image_5631221-removebg-preview-150x150.webp 150w, https:\/\/trenditv.com\/wp-content\/uploads\/2023\/05\/pngtree-18-plus-icon-internet-button-high-resolution-png-image-png-image_5631221-removebg-preview-100x100.webp 100w, https:\/\/trenditv.com\/wp-content\/uploads\/2023\/05\/pngtree-18-plus-icon-internet-button-high-resolution-png-image-png-image_5631221-removebg-preview.webp 360w\" data-ll-status=\"loaded\" \/><br \/>\n<img decoding=\"async\" class=\"emoji\" role=\"img\" draggable=\"false\" src=\"https:\/\/s.w.org\/images\/core\/emoji\/14.0.0\/svg\/2705.svg\" alt=\"\u2705\" \/>\u00a0H\u00f6g kvalitet 4K, FHD, HD, SD.<br \/>\n<img decoding=\"async\" class=\"emoji\" role=\"img\" draggable=\"false\" src=\"https:\/\/s.w.org\/images\/core\/emoji\/14.0.0\/svg\/2705.svg\" alt=\"\u2705\" \/>\u00a0Kompatibel med alla enheter.<br \/>\n<img decoding=\"async\" class=\"emoji\" role=\"img\" draggable=\"false\" src=\"https:\/\/s.w.org\/images\/core\/emoji\/14.0.0\/svg\/2705.svg\" alt=\"\u2705\" \/>\u00a0Tillg\u00e4nglig \u00d6ver Hela V\u00e4rlden.<br \/>\n<img decoding=\"async\" class=\"emoji\" role=\"img\" draggable=\"false\" src=\"https:\/\/s.w.org\/images\/core\/emoji\/14.0.0\/svg\/2705.svg\" alt=\"\u2705\" \/>\u00a0F\u00c5NGA UPP \/ LEVA<br \/>\n<img decoding=\"async\" class=\"emoji\" role=\"img\" draggable=\"false\" src=\"https:\/\/s.w.org\/images\/core\/emoji\/14.0.0\/svg\/2705.svg\" alt=\"\u2705\" \/>\u00a0Frysskyddssystem<br \/>\n<img decoding=\"async\" class=\"emoji\" role=\"img\" draggable=\"false\" src=\"https:\/\/s.w.org\/images\/core\/emoji\/14.0.0\/svg\/2705.svg\" alt=\"\u2705\" \/>\u00a0Snabb omedelbar installation.<br \/>\n<img decoding=\"async\" class=\"emoji\" role=\"img\" draggable=\"false\" src=\"https:\/\/s.w.org\/images\/core\/emoji\/14.0.0\/svg\/2705.svg\" alt=\"\u2705\" \/>\u00a0Leverera Prenumerationsdetaljer: 5min-2h Max.<br \/>\n<img decoding=\"async\" class=\"emoji\" role=\"img\" draggable=\"false\" src=\"https:\/\/s.w.org\/images\/core\/emoji\/14.0.0\/svg\/2705.svg\" alt=\"\u2705\" \/>\u00a0Teknisk hj\u00e4lp och st\u00f6d.<\/p>\n<p><strong>Observera att du beh\u00f6ver cirka 5 MB f\u00f6r SD-kanaler och 10 + Mb Internetanslutning f\u00f6r HD-kanaler<\/strong><\/p>\n<p><strong>V\u00c5RT ST\u00d6D<\/strong><\/p>\n<p>\u00c4nnu viktigare \u00e4r att det inte kr\u00e4vs n\u00e5gon teknisk kunskap f\u00f6r att installera v\u00e5ra prenumerationer p\u00e5 ditt support, men om du beh\u00f6ver hj\u00e4lp eller instruktioner f\u00f6r att installera tj\u00e4nsten \u00e4r du v\u00e4lkommen att kontakta oss via WhatsApp . Vi kommer att vara med dig n\u00e4r som helst p\u00e5 dagen.<\/p>\n<\/div>\n<\/div>\n<\/div>","protected":false},"excerpt":{"rendered":"<div class=\"elementor-element elementor-element-ff1f895 elementor-widget elementor-widget-heading\" data-id=\"ff1f895\" data-element_type=\"widget\" data-widget_type=\"heading.default\">\n<div class=\"elementor-widget-container\">\n<p>IP TV \u2013 12 m\u00e5nad<\/p>\n<p class=\"elementor-heading-title elementor-size-default\"><strong>Vad inneh\u00e5ller ett abonnemang p\u00e5 buyiptv-4k-tj\u00e4nster?<\/strong><\/p>\n<\/div>\n<\/div>\n<ul>\n<li class=\"elementor-icon-list-item\"><i class=\"fas fa-check-circle\" aria-hidden=\"true\"><\/i>+30 000 TV-kanaler.<\/li>\n<li class=\"elementor-icon-list-item\"><i class=\"fas fa-check-circle\" aria-hidden=\"true\"><\/i>+40 000 filmer och serier (uppdateringar).<\/li>\n<li class=\"elementor-icon-list-item\"><i class=\"fas fa-check-circle\" aria-hidden=\"true\"><\/i>Inkluderar det b\u00e4sta paketet f\u00f6r vuxna<img decoding=\"async\" class=\"alignnone wp-image-1213 entered litespeed-loaded\" src=\"https:\/\/trenditv.com\/wp-content\/uploads\/2023\/05\/pngtree-18-plus-icon-internet-button-high-resolution-png-image-png-image_5631221-removebg-preview-300x300.webp\" alt=\"\" width=\"27\" height=\"27\" data-lazyloaded=\"1\" data-src=\"https:\/\/trenditv.com\/wp-content\/uploads\/2023\/05\/pngtree-18-plus-icon-internet-button-high-resolution-png-image-png-image_5631221-removebg-preview-300x300.webp\" data-ll-status=\"loaded\" \/><\/li>\n<li class=\"elementor-icon-list-item\"><i class=\"fas fa-check-circle\" aria-hidden=\"true\"><\/i>H\u00f6g kvalitet 4K, FHD, HD, SD.<\/li>\n<li class=\"elementor-icon-list-item\"><i class=\"fas fa-check-circle\" aria-hidden=\"true\"><\/i>Kompatibel med alla enheter.<\/li>\n<li class=\"elementor-icon-list-item\"><i class=\"fas fa-check-circle\" aria-hidden=\"true\"><\/i>Tillg\u00e4nglig \u00d6ver Hela V\u00e4rlden.<\/li>\n<li class=\"elementor-icon-list-item\"><i class=\"fas fa-check-circle\" aria-hidden=\"true\"><\/i>Snabb omedelbar installation.<\/li>\n<li class=\"elementor-icon-list-item\"><i class=\"fas fa-check-circle\" aria-hidden=\"true\"><\/i>Leverera Prenumerationsdetaljer: 5min-2h Max.<\/li>\n<li class=\"elementor-icon-list-item\"><i class=\"fas fa-check-circle\" aria-hidden=\"true\"><\/i>24\/24 och 7\/7 st\u00f6d.<\/li>\n<\/ul>","protected":false},"featured_media":0,"comment_status":"open","ping_status":"closed","template":"","meta":{"site-sidebar-layout":"default","site-content-layout":"","ast-site-content-layout":"default","site-content-style":"default","site-sidebar-style":"default","ast-global-header-display":"","ast-banner-title-visibility":"","ast-main-header-display":"","ast-hfb-above-header-display":"","ast-hfb-below-header-display":"","ast-hfb-mobile-header-display":"","site-post-title":"","ast-breadcrumbs-content":"","ast-featured-img":"","footer-sml-layout":"","ast-disable-related-posts":"","theme-transparent-header-meta":"default","adv-header-id-meta":"","stick-header-meta":"","header-above-stick-meta":"","header-main-stick-meta":"","header-below-stick-meta":"","astra-migrate-meta-layouts":"set","ast-page-background-enabled":"default","ast-page-background-meta":{"desktop":{"background-color":"","background-image":"","background-repeat":"repeat","background-position":"center center","background-size":"auto","background-attachment":"scroll","background-type":"","background-media":"","overlay-type":"","overlay-color":"","overlay-opacity":"","overlay-gradient":""},"tablet":{"background-color":"","background-image":"","background-repeat":"repeat","background-position":"center center","background-size":"auto","background-attachment":"scroll","background-type":"","background-media":"","overlay-type":"","overlay-color":"","overlay-opacity":"","overlay-gradient":""},"mobile":{"background-color":"","background-image":"","background-repeat":"repeat","background-position":"center center","background-size":"auto","background-attachment":"scroll","background-type":"","background-media":"","overlay-type":"","overlay-color":"","overlay-opacity":"","overlay-gradient":""}},"ast-content-background-meta":{"desktop":{"background-color":"var(--ast-global-color-5)","background-image":"","background-repeat":"repeat","background-position":"center center","background-size":"auto","background-attachment":"scroll","background-type":"","background-media":"","overlay-type":"","overlay-color":"","overlay-opacity":"","overlay-gradient":""},"tablet":{"background-color":"var(--ast-global-color-5)","background-image":"","background-repeat":"repeat","background-position":"center center","background-size":"auto","background-attachment":"scroll","background-type":"","background-media":"","overlay-type":"","overlay-color":"","overlay-opacity":"","overlay-gradient":""},"mobile":{"background-color":"var(--ast-global-color-5)","background-image":"","background-repeat":"repeat","background-position":"center center","background-size":"auto","background-attachment":"scroll","background-type":"","background-media":"","overlay-type":"","overlay-color":"","overlay-opacity":"","overlay-gradient":""}}},"product_brand":[],"product_cat":[15],"product_tag":[55],"class_list":{"0":"post-4299","1":"product","2":"type-product","3":"status-publish","5":"product_cat-uncategorized","6":"product_tag-ip-tv-1-manad","7":"desktop-align-left","8":"tablet-align-left","9":"mobile-align-left","11":"first","12":"instock","13":"shipping-taxable","14":"purchasable","15":"product-type-simple"},"yoast_head":"<!-- This site is optimized with the Yoast SEO plugin v27.6 - https:\/\/yoast.com\/product\/yoast-seo-wordpress\/ -->\n<title>12 M\u00c5NADER - 2 enhet - kingiptv.nl<\/title>\n<meta name=\"robots\" content=\"index, follow, max-snippet:-1, max-image-preview:large, max-video-preview:-1\" \/>\n<link rel=\"canonical\" href=\"https:\/\/kingiptv.nl\/es\/producto\/12-manader-2-enhet\/\" \/>\n<meta property=\"og:locale\" content=\"es_ES\" \/>\n<meta property=\"og:type\" content=\"article\" \/>\n<meta property=\"og:title\" content=\"12 M\u00c5NADER - 2 enhet - kingiptv.nl\" \/>\n<meta property=\"og:description\" content=\"IP TV \u2013 12 m\u00e5nad Vad inneh\u00e5ller ett abonnemang p\u00e5 buyiptv-4k-tj\u00e4nster?      +30 000 TV-kanaler.  +40 000 filmer och serier (uppdateringar).  Inkluderar det b\u00e4sta paketet f\u00f6r vuxna  H\u00f6g kvalitet 4K, FHD, HD, SD.  Kompatibel med alla enheter.  Tillg\u00e4nglig \u00d6ver Hela V\u00e4rlden.  Snabb omedelbar installation.  Leverera Prenumerationsdetaljer: 5min-2h Max.  24\/24 och 7\/7 st\u00f6d.\" \/>\n<meta property=\"og:url\" content=\"https:\/\/kingiptv.nl\/es\/producto\/12-manader-2-enhet\/\" \/>\n<meta property=\"og:site_name\" content=\"kingiptv.nl\" \/>\n<meta name=\"twitter:card\" content=\"summary_large_image\" \/>\n<meta name=\"twitter:label1\" content=\"Tiempo de lectura\" \/>\n\t<meta name=\"twitter:data1\" content=\"2 minutos\" \/>\n<script type=\"application\/ld+json\" class=\"yoast-schema-graph\">{\"@context\":\"https:\\\/\\\/schema.org\",\"@graph\":[{\"@type\":\"WebPage\",\"@id\":\"https:\\\/\\\/kingiptv.nl\\\/product\\\/12-manader-2-enhet\\\/\",\"url\":\"https:\\\/\\\/kingiptv.nl\\\/product\\\/12-manader-2-enhet\\\/\",\"name\":\"12 M\u00c5NADER - 2 enhet - kingiptv.nl\",\"isPartOf\":{\"@id\":\"https:\\\/\\\/kingiptv.nl\\\/#website\"},\"primaryImageOfPage\":{\"@id\":\"https:\\\/\\\/kingiptv.nl\\\/product\\\/12-manader-2-enhet\\\/#primaryimage\"},\"image\":{\"@id\":\"https:\\\/\\\/kingiptv.nl\\\/product\\\/12-manader-2-enhet\\\/#primaryimage\"},\"thumbnailUrl\":\"https:\\\/\\\/trenditv.com\\\/wp-content\\\/uploads\\\/2023\\\/05\\\/pngtree-18-plus-icon-internet-button-high-resolution-png-image-png-image_5631221-removebg-preview-300x300.webp\",\"datePublished\":\"2023-12-31T15:36:13+00:00\",\"breadcrumb\":{\"@id\":\"https:\\\/\\\/kingiptv.nl\\\/product\\\/12-manader-2-enhet\\\/#breadcrumb\"},\"inLanguage\":\"es\",\"potentialAction\":[{\"@type\":\"ReadAction\",\"target\":[\"https:\\\/\\\/kingiptv.nl\\\/product\\\/12-manader-2-enhet\\\/\"]}]},{\"@type\":\"ImageObject\",\"inLanguage\":\"es\",\"@id\":\"https:\\\/\\\/kingiptv.nl\\\/product\\\/12-manader-2-enhet\\\/#primaryimage\",\"url\":\"https:\\\/\\\/trenditv.com\\\/wp-content\\\/uploads\\\/2023\\\/05\\\/pngtree-18-plus-icon-internet-button-high-resolution-png-image-png-image_5631221-removebg-preview-300x300.webp\",\"contentUrl\":\"https:\\\/\\\/trenditv.com\\\/wp-content\\\/uploads\\\/2023\\\/05\\\/pngtree-18-plus-icon-internet-button-high-resolution-png-image-png-image_5631221-removebg-preview-300x300.webp\"},{\"@type\":\"BreadcrumbList\",\"@id\":\"https:\\\/\\\/kingiptv.nl\\\/product\\\/12-manader-2-enhet\\\/#breadcrumb\",\"itemListElement\":[{\"@type\":\"ListItem\",\"position\":1,\"name\":\"Home\",\"item\":\"https:\\\/\\\/kingiptv.nl\\\/\"},{\"@type\":\"ListItem\",\"position\":2,\"name\":\"Products\",\"item\":\"https:\\\/\\\/kingiptv.nl\\\/shop\\\/\"},{\"@type\":\"ListItem\",\"position\":3,\"name\":\"12 M\u00c5NADER &#8211; 2 enhet\"}]},{\"@type\":\"WebSite\",\"@id\":\"https:\\\/\\\/kingiptv.nl\\\/#website\",\"url\":\"https:\\\/\\\/kingiptv.nl\\\/\",\"name\":\"kingiptv.nl\",\"description\":\"\",\"publisher\":{\"@id\":\"https:\\\/\\\/kingiptv.nl\\\/#organization\"},\"potentialAction\":[{\"@type\":\"SearchAction\",\"target\":{\"@type\":\"EntryPoint\",\"urlTemplate\":\"https:\\\/\\\/kingiptv.nl\\\/?s={search_term_string}\"},\"query-input\":{\"@type\":\"PropertyValueSpecification\",\"valueRequired\":true,\"valueName\":\"search_term_string\"}}],\"inLanguage\":\"es\"},{\"@type\":\"Organization\",\"@id\":\"https:\\\/\\\/kingiptv.nl\\\/#organization\",\"name\":\"kingiptv.nl\",\"url\":\"https:\\\/\\\/kingiptv.nl\\\/\",\"logo\":{\"@type\":\"ImageObject\",\"inLanguage\":\"es\",\"@id\":\"https:\\\/\\\/kingiptv.nl\\\/#\\\/schema\\\/logo\\\/image\\\/\",\"url\":\"https:\\\/\\\/kingiptv.nl\\\/wp-content\\\/uploads\\\/2025\\\/07\\\/kingiptvlogo.png\",\"contentUrl\":\"https:\\\/\\\/kingiptv.nl\\\/wp-content\\\/uploads\\\/2025\\\/07\\\/kingiptvlogo.png\",\"width\":172,\"height\":172,\"caption\":\"kingiptv.nl\"},\"image\":{\"@id\":\"https:\\\/\\\/kingiptv.nl\\\/#\\\/schema\\\/logo\\\/image\\\/\"}}]}<\/script>\n<!-- \/ Yoast SEO plugin. -->","yoast_head_json":{"title":"12 M\u00c5NADER - 2 enhet - kingiptv.nl","robots":{"index":"index","follow":"follow","max-snippet":"max-snippet:-1","max-image-preview":"max-image-preview:large","max-video-preview":"max-video-preview:-1"},"canonical":"https:\/\/kingiptv.nl\/es\/producto\/12-manader-2-enhet\/","og_locale":"es_ES","og_type":"article","og_title":"12 M\u00c5NADER - 2 enhet - kingiptv.nl","og_description":"IP TV \u2013 12 m\u00e5nad Vad inneh\u00e5ller ett abonnemang p\u00e5 buyiptv-4k-tj\u00e4nster?      +30 000 TV-kanaler.  +40 000 filmer och serier (uppdateringar).  Inkluderar det b\u00e4sta paketet f\u00f6r vuxna  H\u00f6g kvalitet 4K, FHD, HD, SD.  Kompatibel med alla enheter.  Tillg\u00e4nglig \u00d6ver Hela V\u00e4rlden.  Snabb omedelbar installation.  Leverera Prenumerationsdetaljer: 5min-2h Max.  24\/24 och 7\/7 st\u00f6d.","og_url":"https:\/\/kingiptv.nl\/es\/producto\/12-manader-2-enhet\/","og_site_name":"kingiptv.nl","twitter_card":"summary_large_image","twitter_misc":{"Tiempo de lectura":"2 minutos"},"schema":{"@context":"https:\/\/schema.org","@graph":[{"@type":"WebPage","@id":"https:\/\/kingiptv.nl\/product\/12-manader-2-enhet\/","url":"https:\/\/kingiptv.nl\/product\/12-manader-2-enhet\/","name":"12 M\u00c5NADER - 2 enhet - kingiptv.nl","isPartOf":{"@id":"https:\/\/kingiptv.nl\/#website"},"primaryImageOfPage":{"@id":"https:\/\/kingiptv.nl\/product\/12-manader-2-enhet\/#primaryimage"},"image":{"@id":"https:\/\/kingiptv.nl\/product\/12-manader-2-enhet\/#primaryimage"},"thumbnailUrl":"https:\/\/trenditv.com\/wp-content\/uploads\/2023\/05\/pngtree-18-plus-icon-internet-button-high-resolution-png-image-png-image_5631221-removebg-preview-300x300.webp","datePublished":"2023-12-31T15:36:13+00:00","breadcrumb":{"@id":"https:\/\/kingiptv.nl\/product\/12-manader-2-enhet\/#breadcrumb"},"inLanguage":"es","potentialAction":[{"@type":"ReadAction","target":["https:\/\/kingiptv.nl\/product\/12-manader-2-enhet\/"]}]},{"@type":"ImageObject","inLanguage":"es","@id":"https:\/\/kingiptv.nl\/product\/12-manader-2-enhet\/#primaryimage","url":"https:\/\/trenditv.com\/wp-content\/uploads\/2023\/05\/pngtree-18-plus-icon-internet-button-high-resolution-png-image-png-image_5631221-removebg-preview-300x300.webp","contentUrl":"https:\/\/trenditv.com\/wp-content\/uploads\/2023\/05\/pngtree-18-plus-icon-internet-button-high-resolution-png-image-png-image_5631221-removebg-preview-300x300.webp"},{"@type":"BreadcrumbList","@id":"https:\/\/kingiptv.nl\/product\/12-manader-2-enhet\/#breadcrumb","itemListElement":[{"@type":"ListItem","position":1,"name":"Home","item":"https:\/\/kingiptv.nl\/"},{"@type":"ListItem","position":2,"name":"Products","item":"https:\/\/kingiptv.nl\/shop\/"},{"@type":"ListItem","position":3,"name":"12 M\u00c5NADER &#8211; 2 enhet"}]},{"@type":"WebSite","@id":"https:\/\/kingiptv.nl\/#website","url":"https:\/\/kingiptv.nl\/","name":"kingiptv.nl","description":"","publisher":{"@id":"https:\/\/kingiptv.nl\/#organization"},"potentialAction":[{"@type":"SearchAction","target":{"@type":"EntryPoint","urlTemplate":"https:\/\/kingiptv.nl\/?s={search_term_string}"},"query-input":{"@type":"PropertyValueSpecification","valueRequired":true,"valueName":"search_term_string"}}],"inLanguage":"es"},{"@type":"Organization","@id":"https:\/\/kingiptv.nl\/#organization","name":"kingiptv.nl","url":"https:\/\/kingiptv.nl\/","logo":{"@type":"ImageObject","inLanguage":"es","@id":"https:\/\/kingiptv.nl\/#\/schema\/logo\/image\/","url":"https:\/\/kingiptv.nl\/wp-content\/uploads\/2025\/07\/kingiptvlogo.png","contentUrl":"https:\/\/kingiptv.nl\/wp-content\/uploads\/2025\/07\/kingiptvlogo.png","width":172,"height":172,"caption":"kingiptv.nl"},"image":{"@id":"https:\/\/kingiptv.nl\/#\/schema\/logo\/image\/"}}]}},"_links":{"self":[{"href":"https:\/\/kingiptv.nl\/es\/wp-json\/wp\/v2\/product\/4299","targetHints":{"allow":["GET"]}}],"collection":[{"href":"https:\/\/kingiptv.nl\/es\/wp-json\/wp\/v2\/product"}],"about":[{"href":"https:\/\/kingiptv.nl\/es\/wp-json\/wp\/v2\/types\/product"}],"replies":[{"embeddable":true,"href":"https:\/\/kingiptv.nl\/es\/wp-json\/wp\/v2\/comments?post=4299"}],"wp:attachment":[{"href":"https:\/\/kingiptv.nl\/es\/wp-json\/wp\/v2\/media?parent=4299"}],"wp:term":[{"taxonomy":"product_brand","embeddable":true,"href":"https:\/\/kingiptv.nl\/es\/wp-json\/wp\/v2\/product_brand?post=4299"},{"taxonomy":"product_cat","embeddable":true,"href":"https:\/\/kingiptv.nl\/es\/wp-json\/wp\/v2\/product_cat?post=4299"},{"taxonomy":"product_tag","embeddable":true,"href":"https:\/\/kingiptv.nl\/es\/wp-json\/wp\/v2\/product_tag?post=4299"}],"curies":[{"name":"wp","href":"https:\/\/api.w.org\/{rel}","templated":true}]}}